{"id":42,"date":"2020-11-06T01:38:35","date_gmt":"2020-11-06T01:38:35","guid":{"rendered":"https:\/\/mybsecurityconsulting.com\/?page_id=42"},"modified":"2020-11-06T01:39:22","modified_gmt":"2020-11-06T01:39:22","slug":"servicios","status":"publish","type":"page","link":"https:\/\/mybsecurityconsulting.com\/index.php\/servicios\/","title":{"rendered":"SERVICIOS M&#038;B"},"content":{"rendered":"\n<div class=\"wp-block-image\"><figure class=\"aligncenter size-large\"><img loading=\"lazy\" decoding=\"async\" width=\"567\" height=\"332\" src=\"https:\/\/mybsecurityconsulting.com\/wp-content\/uploads\/2020\/11\/servicios-MyB.jpg\" alt=\"\" class=\"wp-image-43\" srcset=\"https:\/\/mybsecurityconsulting.com\/wp-content\/uploads\/2020\/11\/servicios-MyB.jpg 567w, https:\/\/mybsecurityconsulting.com\/wp-content\/uploads\/2020\/11\/servicios-MyB-300x176.jpg 300w\" sizes=\"auto, (max-width: 567px) 100vw, 567px\" \/><\/figure><\/div>\n\n\n\n<p class=\"has-text-align-center\"><strong>ASESOR\u00cdAS Y CONSULTOR\u00cdAS EN SEGURIDAD Y VIGILANCIA.<\/strong><\/p>\n\n\n\n<p class=\"has-text-align-center\"><em>Investigaci\u00f3n, prospectiva, estudios de seguridad f\u00edsica y an\u00e1lisis de riesgos,\u00a0 seguridad y convivencia<\/em><\/p>\n\n\n\n<p class=\"has-text-align-center\"><strong>ESTUDIOS DE SEGURIDAD Y CONFIABILIDAD<\/strong><\/p>\n\n\n\n<p class=\"has-text-align-center\"><em>Verificaci\u00f3n de referencias y antecedentes<\/em><strong><em>.<\/em><\/strong><\/p>\n\n\n\n<p class=\"has-text-align-center\"><em>Poligraf\u00eda: Rutina, selecci\u00f3n y espec\u00edficos.<\/em><\/p>\n\n\n\n<p class=\"has-text-align-center\"><em>An\u00e1lisis financiero.<\/em><\/p>\n\n\n\n<p class=\"has-text-align-center\"><em>Pruebas grafol\u00f3gicas.<\/em><\/p>\n\n\n\n<p class=\"has-text-align-center\"><em>Visitas domiciliarias.<\/em><\/p>\n\n\n\n<p class=\"has-text-align-center\"><strong>MANEJO ORGANIZACIONAL EMPRESARIAL Y\u00a0 DEL RECURSO HUMANO.<\/strong><\/p>\n\n\n\n<p class=\"has-text-align-center\"><em>Selecci\u00f3n, reclutamiento hojas de vida, cultura organizacional, planes estrat\u00e9gicos por \u00e1reas u organizaci\u00f3n, aplicaci\u00f3n Pruebas Psicot\u00e9cnicas y psicom\u00e9tricas, entrevista psicol\u00f3gica, Manual formaci\u00f3n y evaluaci\u00f3n desempe\u00f1o, levantamiento de cargos, capacitaciones,\u00a0 SG-SST.<\/em><\/p>\n\n\n\n<p class=\"has-text-align-center\"><strong>INFRAESTRUCTURA Y MEDIOS T\u00c9CNICOS Y TECNOL\u00d3GICOS<\/strong><\/p>\n\n\n\n<p class=\"has-text-align-center\"><em>M&amp;B cuenta con instalaciones apropiadas las cuales han sido adecuadas para las diferentes actividades ofrecidas, y un equipo de profesionales con gran experiencia en sus \u00e1reas de servicio como psic\u00f3logos, profesionales en administraci\u00f3n de la seguridad, Poligrafistas, personal id\u00f3neo y experto en asesor\u00edas y consultor\u00edas en seguridad, investigadores, cada uno de ellos avalados por las respectivas asociaciones y centros de estudios que los respaldan \u00e9tica y profesionalmente, partiendo del principio de calidad, contamos con tecnolog\u00eda de punta en equipos de poligraf\u00edas como: LIMESTONE, STOELTING, LAFAYETTE LX \u2013 4000 -5000, actualizaci\u00f3n t\u00e9cnica en todos los servicios. Asimismo, queremos aprovechar para manifestar que estaremos prestos a atenderlos para convertirnos en su aliado estrat\u00e9gico, resolviendo todas sus dudas e inquietudes. Para nuestra firma es de vital importancia el contacto permanente y oportuno con cada uno de nuestros clientes<\/em><\/p>\n","protected":false},"excerpt":{"rendered":"<p>ASESOR\u00cdAS Y CONSULTOR\u00cdAS EN SEGURIDAD Y VIGILANCIA. Investigaci\u00f3n, prospectiva, estudios de seguridad f\u00edsica y an\u00e1lisis de riesgos,\u00a0 seguridad y convivencia ESTUDIOS DE SEGURIDAD Y CONFIABILIDAD Verificaci\u00f3n de referencias y antecedentes. Poligraf\u00eda: Rutina, selecci\u00f3n y espec\u00edficos. An\u00e1lisis financiero. Pruebas grafol\u00f3gicas. Visitas domiciliarias. MANEJO ORGANIZACIONAL EMPRESARIAL Y\u00a0 DEL RECURSO HUMANO. Selecci\u00f3n, reclutamiento hojas de vida, cultura organizacional,&nbsp;&hellip;<\/p>\n","protected":false},"author":1,"featured_media":0,"parent":0,"menu_order":0,"comment_status":"closed","ping_status":"closed","template":"","meta":{"_joinchat":[],"footnotes":""},"class_list":["post-42","page","type-page","status-publish","hentry"],"_links":{"self":[{"href":"https:\/\/mybsecurityconsulting.com\/index.php\/wp-json\/wp\/v2\/pages\/42","targetHints":{"allow":["GET"]}}],"collection":[{"href":"https:\/\/mybsecurityconsulting.com\/index.php\/wp-json\/wp\/v2\/pages"}],"about":[{"href":"https:\/\/mybsecurityconsulting.com\/index.php\/wp-json\/wp\/v2\/types\/page"}],"author":[{"embeddable":true,"href":"https:\/\/mybsecurityconsulting.com\/index.php\/wp-json\/wp\/v2\/users\/1"}],"replies":[{"embeddable":true,"href":"https:\/\/mybsecurityconsulting.com\/index.php\/wp-json\/wp\/v2\/comments?post=42"}],"version-history":[{"count":2,"href":"https:\/\/mybsecurityconsulting.com\/index.php\/wp-json\/wp\/v2\/pages\/42\/revisions"}],"predecessor-version":[{"id":45,"href":"https:\/\/mybsecurityconsulting.com\/index.php\/wp-json\/wp\/v2\/pages\/42\/revisions\/45"}],"wp:attachment":[{"href":"https:\/\/mybsecurityconsulting.com\/index.php\/wp-json\/wp\/v2\/media?parent=42"}],"curies":[{"name":"wp","href":"https:\/\/api.w.org\/{rel}","templated":true}]}}